{"id":27,"date":"2023-06-17T05:58:25","date_gmt":"2023-06-17T03:58:25","guid":{"rendered":"http:\/\/ebougog.cluster027.hosting.ovh.net\/?page_id=27"},"modified":"2025-06-22T14:42:39","modified_gmt":"2025-06-22T12:42:39","slug":"tarifs","status":"publish","type":"page","link":"https:\/\/www.ebougonpsychologue.fr\/index.php\/tarifs\/","title":{"rendered":"Tarif"},"content":{"rendered":"\n<p>Le tarif d\u2019une s\u00e9ance de 45 minutes est de 70 euros.<\/p>\n\n\n\n<p><\/p>\n\n\n\n<p>Le paiement se fait par virement bancaire ou PayPal. \u00a0<\/p>\n\n\n\n<p><\/p>\n\n\n\n<div class=\"wp-block-group\"><div class=\"wp-block-group__inner-container is-layout-constrained wp-block-group-is-layout-constrained\">\n<p>Toute s\u00e9ance qui n\u2019a pas \u00e9t\u00e9 annul\u00e9e au moins 48 heures \u00e0 l\u2019avance devra \u00eatre r\u00e9gl\u00e9e.<\/p>\n\n\n\n<p><\/p>\n\n\n\n<p>\u00c0 ce jour, les consultations de psychologue ne sont pas rembours\u00e9es par la s\u00e9curit\u00e9 sociale. En revanche, de nombreuses mutuelles proposent un remboursement partiel ou total des s\u00e9ances. Je vous invite donc \u00e0 contacter votre compl\u00e9mentaire sant\u00e9 pour conna\u00eetre les possibilit\u00e9s de remboursement. En fonction de celles-ci, je vous adresserai une facture.<\/p>\n<\/div><\/div>\n\n\n\n<hr class=\"wp-block-separator alignwide has-alpha-channel-opacity\"\/>\n","protected":false},"excerpt":{"rendered":"<p>Le tarif d\u2019une s\u00e9ance de 45 minutes est de 70 euros. Le paiement se fait par virement bancaire ou PayPal. \u00a0 Toute s\u00e9ance qui n\u2019a pas \u00e9t\u00e9 annul\u00e9e au moins 48 heures \u00e0 l\u2019avance devra \u00eatre r\u00e9gl\u00e9e. \u00c0 ce jour, les consultations de psychologue ne sont pas rembours\u00e9es par la s\u00e9curit\u00e9 sociale. En revanche, de [&hellip;]<\/p>\n","protected":false},"author":2,"featured_media":0,"parent":0,"menu_order":0,"comment_status":"closed","ping_status":"closed","template":"","meta":{"hide_page_title":"","footnotes":""},"class_list":["post-27","page","type-page","status-publish","hentry"],"yoast_head":"<!-- This site is optimized with the Yoast SEO plugin v27.3 - https:\/\/yoast.com\/product\/yoast-seo-wordpress\/ -->\n<title>Tarif - \u00c9glantine Bougon<\/title>\n<meta name=\"robots\" content=\"index, follow, max-snippet:-1, max-image-preview:large, max-video-preview:-1\" \/>\n<link rel=\"canonical\" href=\"https:\/\/www.ebougonpsychologue.fr\/index.php\/tarifs\/\" \/>\n<meta property=\"og:locale\" content=\"fr_FR\" \/>\n<meta property=\"og:type\" content=\"article\" \/>\n<meta property=\"og:title\" content=\"Tarif - \u00c9glantine Bougon\" \/>\n<meta property=\"og:description\" content=\"Le tarif d\u2019une s\u00e9ance de 45 minutes est de 70 euros. Le paiement se fait par virement bancaire ou PayPal. \u00a0 Toute s\u00e9ance qui n\u2019a pas \u00e9t\u00e9 annul\u00e9e au moins 48 heures \u00e0 l\u2019avance devra \u00eatre r\u00e9gl\u00e9e. \u00c0 ce jour, les consultations de psychologue ne sont pas rembours\u00e9es par la s\u00e9curit\u00e9 sociale. En revanche, de [&hellip;]\" \/>\n<meta property=\"og:url\" content=\"https:\/\/www.ebougonpsychologue.fr\/index.php\/tarifs\/\" \/>\n<meta property=\"og:site_name\" content=\"\u00c9glantine Bougon\" \/>\n<meta property=\"article:modified_time\" content=\"2025-06-22T12:42:39+00:00\" \/>\n<meta name=\"twitter:card\" content=\"summary_large_image\" \/>\n<meta name=\"twitter:label1\" content=\"Dur\u00e9e de lecture estim\u00e9e\" \/>\n\t<meta name=\"twitter:data1\" content=\"1 minute\" \/>\n<script type=\"application\/ld+json\" class=\"yoast-schema-graph\">{\"@context\":\"https:\\\/\\\/schema.org\",\"@graph\":[{\"@type\":\"WebPage\",\"@id\":\"https:\\\/\\\/www.ebougonpsychologue.fr\\\/index.php\\\/tarifs\\\/\",\"url\":\"https:\\\/\\\/www.ebougonpsychologue.fr\\\/index.php\\\/tarifs\\\/\",\"name\":\"Tarif - \u00c9glantine Bougon\",\"isPartOf\":{\"@id\":\"https:\\\/\\\/www.ebougonpsychologue.fr\\\/#website\"},\"datePublished\":\"2023-06-17T03:58:25+00:00\",\"dateModified\":\"2025-06-22T12:42:39+00:00\",\"breadcrumb\":{\"@id\":\"https:\\\/\\\/www.ebougonpsychologue.fr\\\/index.php\\\/tarifs\\\/#breadcrumb\"},\"inLanguage\":\"fr-FR\",\"potentialAction\":[{\"@type\":\"ReadAction\",\"target\":[\"https:\\\/\\\/www.ebougonpsychologue.fr\\\/index.php\\\/tarifs\\\/\"]}]},{\"@type\":\"BreadcrumbList\",\"@id\":\"https:\\\/\\\/www.ebougonpsychologue.fr\\\/index.php\\\/tarifs\\\/#breadcrumb\",\"itemListElement\":[{\"@type\":\"ListItem\",\"position\":1,\"name\":\"Accueil\",\"item\":\"https:\\\/\\\/www.ebougonpsychologue.fr\\\/\"},{\"@type\":\"ListItem\",\"position\":2,\"name\":\"Tarif\"}]},{\"@type\":\"WebSite\",\"@id\":\"https:\\\/\\\/www.ebougonpsychologue.fr\\\/#website\",\"url\":\"https:\\\/\\\/www.ebougonpsychologue.fr\\\/\",\"name\":\"\u00c9glantine Bougon\",\"description\":\"PSYCHOLOGUE CLINICIENNE - PSYCHOTH\u00c9RAPEUTE\",\"publisher\":{\"@id\":\"https:\\\/\\\/www.ebougonpsychologue.fr\\\/#organization\"},\"potentialAction\":[{\"@type\":\"SearchAction\",\"target\":{\"@type\":\"EntryPoint\",\"urlTemplate\":\"https:\\\/\\\/www.ebougonpsychologue.fr\\\/?s={search_term_string}\"},\"query-input\":{\"@type\":\"PropertyValueSpecification\",\"valueRequired\":true,\"valueName\":\"search_term_string\"}}],\"inLanguage\":\"fr-FR\"},{\"@type\":\"Organization\",\"@id\":\"https:\\\/\\\/www.ebougonpsychologue.fr\\\/#organization\",\"name\":\"\u00c9glantine Bougon\",\"url\":\"https:\\\/\\\/www.ebougonpsychologue.fr\\\/\",\"logo\":{\"@type\":\"ImageObject\",\"inLanguage\":\"fr-FR\",\"@id\":\"https:\\\/\\\/www.ebougonpsychologue.fr\\\/#\\\/schema\\\/logo\\\/image\\\/\",\"url\":\"https:\\\/\\\/www.ebougonpsychologue.fr\\\/wp-content\\\/uploads\\\/2024\\\/04\\\/cropped-Logo_lettrages_02.png\",\"contentUrl\":\"https:\\\/\\\/www.ebougonpsychologue.fr\\\/wp-content\\\/uploads\\\/2024\\\/04\\\/cropped-Logo_lettrages_02.png\",\"width\":600,\"height\":165,\"caption\":\"\u00c9glantine Bougon\"},\"image\":{\"@id\":\"https:\\\/\\\/www.ebougonpsychologue.fr\\\/#\\\/schema\\\/logo\\\/image\\\/\"}}]}<\/script>\n<!-- \/ Yoast SEO plugin. -->","yoast_head_json":{"title":"Tarif - \u00c9glantine Bougon","robots":{"index":"index","follow":"follow","max-snippet":"max-snippet:-1","max-image-preview":"max-image-preview:large","max-video-preview":"max-video-preview:-1"},"canonical":"https:\/\/www.ebougonpsychologue.fr\/index.php\/tarifs\/","og_locale":"fr_FR","og_type":"article","og_title":"Tarif - \u00c9glantine Bougon","og_description":"Le tarif d\u2019une s\u00e9ance de 45 minutes est de 70 euros. Le paiement se fait par virement bancaire ou PayPal. \u00a0 Toute s\u00e9ance qui n\u2019a pas \u00e9t\u00e9 annul\u00e9e au moins 48 heures \u00e0 l\u2019avance devra \u00eatre r\u00e9gl\u00e9e. \u00c0 ce jour, les consultations de psychologue ne sont pas rembours\u00e9es par la s\u00e9curit\u00e9 sociale. En revanche, de [&hellip;]","og_url":"https:\/\/www.ebougonpsychologue.fr\/index.php\/tarifs\/","og_site_name":"\u00c9glantine Bougon","article_modified_time":"2025-06-22T12:42:39+00:00","twitter_card":"summary_large_image","twitter_misc":{"Dur\u00e9e de lecture estim\u00e9e":"1 minute"},"schema":{"@context":"https:\/\/schema.org","@graph":[{"@type":"WebPage","@id":"https:\/\/www.ebougonpsychologue.fr\/index.php\/tarifs\/","url":"https:\/\/www.ebougonpsychologue.fr\/index.php\/tarifs\/","name":"Tarif - \u00c9glantine Bougon","isPartOf":{"@id":"https:\/\/www.ebougonpsychologue.fr\/#website"},"datePublished":"2023-06-17T03:58:25+00:00","dateModified":"2025-06-22T12:42:39+00:00","breadcrumb":{"@id":"https:\/\/www.ebougonpsychologue.fr\/index.php\/tarifs\/#breadcrumb"},"inLanguage":"fr-FR","potentialAction":[{"@type":"ReadAction","target":["https:\/\/www.ebougonpsychologue.fr\/index.php\/tarifs\/"]}]},{"@type":"BreadcrumbList","@id":"https:\/\/www.ebougonpsychologue.fr\/index.php\/tarifs\/#breadcrumb","itemListElement":[{"@type":"ListItem","position":1,"name":"Accueil","item":"https:\/\/www.ebougonpsychologue.fr\/"},{"@type":"ListItem","position":2,"name":"Tarif"}]},{"@type":"WebSite","@id":"https:\/\/www.ebougonpsychologue.fr\/#website","url":"https:\/\/www.ebougonpsychologue.fr\/","name":"\u00c9glantine Bougon","description":"PSYCHOLOGUE CLINICIENNE - PSYCHOTH\u00c9RAPEUTE","publisher":{"@id":"https:\/\/www.ebougonpsychologue.fr\/#organization"},"potentialAction":[{"@type":"SearchAction","target":{"@type":"EntryPoint","urlTemplate":"https:\/\/www.ebougonpsychologue.fr\/?s={search_term_string}"},"query-input":{"@type":"PropertyValueSpecification","valueRequired":true,"valueName":"search_term_string"}}],"inLanguage":"fr-FR"},{"@type":"Organization","@id":"https:\/\/www.ebougonpsychologue.fr\/#organization","name":"\u00c9glantine Bougon","url":"https:\/\/www.ebougonpsychologue.fr\/","logo":{"@type":"ImageObject","inLanguage":"fr-FR","@id":"https:\/\/www.ebougonpsychologue.fr\/#\/schema\/logo\/image\/","url":"https:\/\/www.ebougonpsychologue.fr\/wp-content\/uploads\/2024\/04\/cropped-Logo_lettrages_02.png","contentUrl":"https:\/\/www.ebougonpsychologue.fr\/wp-content\/uploads\/2024\/04\/cropped-Logo_lettrages_02.png","width":600,"height":165,"caption":"\u00c9glantine Bougon"},"image":{"@id":"https:\/\/www.ebougonpsychologue.fr\/#\/schema\/logo\/image\/"}}]}},"_links":{"self":[{"href":"https:\/\/www.ebougonpsychologue.fr\/index.php\/wp-json\/wp\/v2\/pages\/27","targetHints":{"allow":["GET"]}}],"collection":[{"href":"https:\/\/www.ebougonpsychologue.fr\/index.php\/wp-json\/wp\/v2\/pages"}],"about":[{"href":"https:\/\/www.ebougonpsychologue.fr\/index.php\/wp-json\/wp\/v2\/types\/page"}],"author":[{"embeddable":true,"href":"https:\/\/www.ebougonpsychologue.fr\/index.php\/wp-json\/wp\/v2\/users\/2"}],"replies":[{"embeddable":true,"href":"https:\/\/www.ebougonpsychologue.fr\/index.php\/wp-json\/wp\/v2\/comments?post=27"}],"version-history":[{"count":7,"href":"https:\/\/www.ebougonpsychologue.fr\/index.php\/wp-json\/wp\/v2\/pages\/27\/revisions"}],"predecessor-version":[{"id":206,"href":"https:\/\/www.ebougonpsychologue.fr\/index.php\/wp-json\/wp\/v2\/pages\/27\/revisions\/206"}],"wp:attachment":[{"href":"https:\/\/www.ebougonpsychologue.fr\/index.php\/wp-json\/wp\/v2\/media?parent=27"}],"curies":[{"name":"wp","href":"https:\/\/api.w.org\/{rel}","templated":true}]}}