{"id":23,"date":"2023-06-17T05:48:11","date_gmt":"2023-06-17T03:48:11","guid":{"rendered":"http:\/\/ebougog.cluster027.hosting.ovh.net\/?page_id=23"},"modified":"2024-05-02T16:52:05","modified_gmt":"2024-05-02T14:52:05","slug":"experiences","status":"publish","type":"page","link":"https:\/\/www.ebougonpsychologue.fr\/index.php\/experiences\/","title":{"rendered":"Exp\u00e9riences"},"content":{"rendered":"\n<p><\/p>\n\n\n\n<div class=\"wp-block-columns alignwide is-layout-flex wp-container-core-columns-is-layout-9d6595d7 wp-block-columns-is-layout-flex\">\n<div class=\"wp-block-column is-layout-flow wp-block-column-is-layout-flow\">\n<h6 class=\"wp-block-heading has-text-align-center\"><strong>Psychologue en Unit\u00e9 pour Malades Difficiles<\/strong><\/h6>\n\n\n\n<p class=\"has-text-align-center\">Prises en charge psychoth\u00e9rapeutiques individuelles et groupales de patient(e)s psychotiques, \u00e9tats-limites ou pr\u00e9sentant des troubles de la personnalit\u00e9 et du comportement ; responsable de l\u2019animation d\u2019un groupe de soutien destin\u00e9 aux familles des personnes hospitalis\u00e9es.<\/p>\n\n\n\n<p class=\"has-text-align-center\">2010 \u2013 2021<\/p>\n\n\n\n<p class=\"has-text-align-center\">Groupe Hospitalier Paul Guiraud, Villejuif, 94<br><\/p>\n<\/div>\n\n\n\n<div class=\"wp-block-column is-layout-flow wp-block-column-is-layout-flow\">\n<h6 class=\"wp-block-heading has-text-align-center\"><strong>Psychologue en Service d\u2019Accompagnement M\u00e9dico-Social<\/strong><br><strong>pour Adultes Handicap\u00e9s<\/strong><\/h6>\n\n\n\n<p class=\"has-text-align-center\">Prises en charge psychoth\u00e9rapeutiques et entretiens de soutien de personnes souffrant de handicap moteur et\/ou mental ; supervision de l\u2019\u00e9quipe \u00e9ducative et soignante.<\/p>\n\n\n\n<p class=\"has-text-align-center\">2008 \u2013 2011<\/p>\n\n\n\n<p class=\"has-text-align-center\">Coulommiers, 77<\/p>\n<\/div>\n<\/div>\n\n\n\n<div class=\"wp-block-columns alignwide is-layout-flex wp-container-core-columns-is-layout-9d6595d7 wp-block-columns-is-layout-flex\">\n<div class=\"wp-block-column is-layout-flow wp-block-column-is-layout-flow\">\n<h6 class=\"wp-block-heading has-text-align-center\"><strong>Psychologue expert judiciaire<\/strong><\/h6>\n\n\n\n<p class=\"has-text-align-center\">R\u00e9alisation d\u2019\u00e9valuations psychologiques (enfants, adolescents, adultes) sur r\u00e9quisition d\u2019Officiers de Police Judiciaire en vue de d\u00e9terminer les l\u00e9sions psychologiques subies par le\/la plaignant(e) et de d\u00e9crire sa personnalit\u00e9.<\/p>\n\n\n\n<p class=\"has-text-align-center\">2009<\/p>\n\n\n\n<p class=\"has-text-align-center\">Unit\u00e9 Mobile Judiciaire<\/p>\n<\/div>\n\n\n\n<div class=\"wp-block-column is-layout-flow wp-block-column-is-layout-flow\">\n<h6 class=\"wp-block-heading has-text-align-center\"><strong>Psychologue stagiaire en Maison d\u2019arr\u00eat<\/strong><\/h6>\n\n\n\n<p class=\"has-text-align-center\">Prises en charge psychoth\u00e9rapeutiques individuelles, entretiens de soutien.<\/p>\n\n\n\n<p class=\"has-text-align-center\">2006 \u2013 2007<\/p>\n\n\n\n<p class=\"has-text-align-center\">Prison de la Sant\u00e9, Paris, 75<\/p>\n<\/div>\n<\/div>\n\n\n\n<div class=\"wp-block-columns alignwide is-layout-flex wp-container-core-columns-is-layout-9d6595d7 wp-block-columns-is-layout-flex\">\n<div class=\"wp-block-column is-layout-flow wp-block-column-is-layout-flow\">\n<h6 class=\"wp-block-heading has-text-align-center\"><strong>Psychologue stagiaire<\/strong><br><strong>en Unit\u00e9 d\u2019hospitalisation psychiatrique<\/strong> <strong>pour adultes<\/strong><\/h6>\n\n\n\n<p class=\"has-text-align-center\">2005 \u2013 2006<\/p>\n\n\n\n<p class=\"has-text-align-center\">\u00c9tablissement Public de Sant\u00e9 Maison Blanche, Paris, 75<\/p>\n<\/div>\n\n\n\n<div class=\"wp-block-column is-layout-flow wp-block-column-is-layout-flow\">\n<h6 class=\"wp-block-heading has-text-align-center\"><strong>Psychologue stagiaire<br>en Centre d\u2019Accueil Th\u00e9rapeutique \u00e0 Temps Partiel<\/strong><\/h6>\n\n\n\n<p class=\"has-text-align-center\">2004 \u2013 2005<\/p>\n\n\n\n<p class=\"has-text-align-center\">\u00c9tablissement Public de Sant\u00e9 Maison Blanche, Paris, 75<\/p>\n<\/div>\n<\/div>\n\n\n\n<h4 class=\"wp-block-heading has-text-align-center\">Formation<\/h4>\n\n\n\n<h5 class=\"wp-block-heading has-text-align-left\" style=\"text-decoration:underline\">Dipl\u00f4mes d\u2019\u00e9tat<\/h5>\n\n\n\n<p><\/p>\n\n\n\n<h6 class=\"wp-block-heading has-text-align-center\"><strong>Master 2 Recherche mention Psychologie<\/strong><\/h6>\n\n\n\n<p class=\"has-text-align-center\">Sp\u00e9cialit\u00e9 \u00ab Psychoses et \u00e9tats-limites \u00bb, \u00ab Sexualit\u00e9s et traumatismes \u00bb<\/p>\n\n\n\n<p class=\"has-text-align-center\">2008-2009<\/p>\n\n\n\n<p class=\"has-text-align-center\">Universit\u00e9 Paris Diderot Paris 7<br><\/p>\n\n\n\n<h6 class=\"wp-block-heading has-text-align-center\"><strong>Master 2 Professionnel mention Psychologie<\/strong><\/h6>\n\n\n\n<p class=\"has-text-align-center\">Sp\u00e9cialit\u00e9 \u00ab Psychopathologie de la violence \u00bb<\/p>\n\n\n\n<p class=\"has-text-align-center\">2007<\/p>\n\n\n\n<p class=\"has-text-align-center\">Universit\u00e9 Paris Diderot Paris 7<br><\/p>\n\n\n\n<h6 class=\"wp-block-heading has-text-align-center\"><br><\/h6>\n\n\n\n<h5 class=\"wp-block-heading\" style=\"text-decoration:underline\">Dipl\u00f4mes universitaires<\/h5>\n\n\n\n<p><\/p>\n\n\n\n<h6 class=\"wp-block-heading has-text-align-center\"><strong>\u00ab Psychiatrie transculturelle \u00bb<\/strong><\/h6>\n\n\n\n<p class=\"has-text-align-center\">Universit\u00e9 Paris 13<br><\/p>\n\n\n\n<h6 class=\"wp-block-heading has-text-align-center\"><strong>\u00ab Le suicide, \u00e9tude th\u00e9orique et clinique \u00bb<\/strong><\/h6>\n\n\n\n<p class=\"has-text-align-center\">Universit\u00e9 Paris Diderot Paris 7<br><\/p>\n\n\n\n<h6 class=\"wp-block-heading has-text-align-center\"><strong>\u00ab Criminologie appliqu\u00e9e \u00e0 l\u2019expertise mentale \u00bb<\/strong><\/h6>\n\n\n\n<p class=\"has-text-align-center\">Universit\u00e9 Paris Descartes Paris 5<\/p>\n\n\n\n<hr class=\"wp-block-separator alignwide has-alpha-channel-opacity\"\/>\n","protected":false},"excerpt":{"rendered":"<p>Psychologue en Unit\u00e9 pour Malades Difficiles Prises en charge psychoth\u00e9rapeutiques individuelles et groupales de patient(e)s psychotiques, \u00e9tats-limites ou pr\u00e9sentant des troubles de la personnalit\u00e9 et du comportement ; responsable de l\u2019animation d\u2019un groupe de soutien destin\u00e9 aux familles des personnes hospitalis\u00e9es. 2010 \u2013 2021 Groupe Hospitalier Paul Guiraud, Villejuif, 94 Psychologue en Service d\u2019Accompagnement M\u00e9dico-Socialpour [&hellip;]<\/p>\n","protected":false},"author":2,"featured_media":0,"parent":0,"menu_order":0,"comment_status":"closed","ping_status":"closed","template":"","meta":{"hide_page_title":"","footnotes":""},"class_list":["post-23","page","type-page","status-publish","hentry"],"yoast_head":"<!-- This site is optimized with the Yoast SEO plugin v27.3 - https:\/\/yoast.com\/product\/yoast-seo-wordpress\/ -->\n<title>Exp\u00e9riences - \u00c9glantine Bougon<\/title>\n<meta name=\"robots\" content=\"index, follow, max-snippet:-1, max-image-preview:large, max-video-preview:-1\" \/>\n<link rel=\"canonical\" href=\"https:\/\/www.ebougonpsychologue.fr\/index.php\/experiences\/\" \/>\n<meta property=\"og:locale\" content=\"fr_FR\" \/>\n<meta property=\"og:type\" content=\"article\" \/>\n<meta property=\"og:title\" content=\"Exp\u00e9riences - \u00c9glantine Bougon\" \/>\n<meta property=\"og:description\" content=\"Psychologue en Unit\u00e9 pour Malades Difficiles Prises en charge psychoth\u00e9rapeutiques individuelles et groupales de patient(e)s psychotiques, \u00e9tats-limites ou pr\u00e9sentant des troubles de la personnalit\u00e9 et du comportement ; responsable de l\u2019animation d\u2019un groupe de soutien destin\u00e9 aux familles des personnes hospitalis\u00e9es. 2010 \u2013 2021 Groupe Hospitalier Paul Guiraud, Villejuif, 94 Psychologue en Service d\u2019Accompagnement M\u00e9dico-Socialpour [&hellip;]\" \/>\n<meta property=\"og:url\" content=\"https:\/\/www.ebougonpsychologue.fr\/index.php\/experiences\/\" \/>\n<meta property=\"og:site_name\" content=\"\u00c9glantine Bougon\" \/>\n<meta property=\"article:modified_time\" content=\"2024-05-02T14:52:05+00:00\" \/>\n<meta name=\"twitter:card\" content=\"summary_large_image\" \/>\n<meta name=\"twitter:label1\" content=\"Dur\u00e9e de lecture estim\u00e9e\" \/>\n\t<meta name=\"twitter:data1\" content=\"2 minutes\" \/>\n<script type=\"application\/ld+json\" class=\"yoast-schema-graph\">{\"@context\":\"https:\\\/\\\/schema.org\",\"@graph\":[{\"@type\":\"WebPage\",\"@id\":\"https:\\\/\\\/www.ebougonpsychologue.fr\\\/index.php\\\/experiences\\\/\",\"url\":\"https:\\\/\\\/www.ebougonpsychologue.fr\\\/index.php\\\/experiences\\\/\",\"name\":\"Exp\u00e9riences - \u00c9glantine Bougon\",\"isPartOf\":{\"@id\":\"https:\\\/\\\/www.ebougonpsychologue.fr\\\/#website\"},\"datePublished\":\"2023-06-17T03:48:11+00:00\",\"dateModified\":\"2024-05-02T14:52:05+00:00\",\"breadcrumb\":{\"@id\":\"https:\\\/\\\/www.ebougonpsychologue.fr\\\/index.php\\\/experiences\\\/#breadcrumb\"},\"inLanguage\":\"fr-FR\",\"potentialAction\":[{\"@type\":\"ReadAction\",\"target\":[\"https:\\\/\\\/www.ebougonpsychologue.fr\\\/index.php\\\/experiences\\\/\"]}]},{\"@type\":\"BreadcrumbList\",\"@id\":\"https:\\\/\\\/www.ebougonpsychologue.fr\\\/index.php\\\/experiences\\\/#breadcrumb\",\"itemListElement\":[{\"@type\":\"ListItem\",\"position\":1,\"name\":\"Accueil\",\"item\":\"https:\\\/\\\/www.ebougonpsychologue.fr\\\/\"},{\"@type\":\"ListItem\",\"position\":2,\"name\":\"Exp\u00e9riences\"}]},{\"@type\":\"WebSite\",\"@id\":\"https:\\\/\\\/www.ebougonpsychologue.fr\\\/#website\",\"url\":\"https:\\\/\\\/www.ebougonpsychologue.fr\\\/\",\"name\":\"\u00c9glantine Bougon\",\"description\":\"PSYCHOLOGUE CLINICIENNE - PSYCHOTH\u00c9RAPEUTE\",\"publisher\":{\"@id\":\"https:\\\/\\\/www.ebougonpsychologue.fr\\\/#organization\"},\"potentialAction\":[{\"@type\":\"SearchAction\",\"target\":{\"@type\":\"EntryPoint\",\"urlTemplate\":\"https:\\\/\\\/www.ebougonpsychologue.fr\\\/?s={search_term_string}\"},\"query-input\":{\"@type\":\"PropertyValueSpecification\",\"valueRequired\":true,\"valueName\":\"search_term_string\"}}],\"inLanguage\":\"fr-FR\"},{\"@type\":\"Organization\",\"@id\":\"https:\\\/\\\/www.ebougonpsychologue.fr\\\/#organization\",\"name\":\"\u00c9glantine Bougon\",\"url\":\"https:\\\/\\\/www.ebougonpsychologue.fr\\\/\",\"logo\":{\"@type\":\"ImageObject\",\"inLanguage\":\"fr-FR\",\"@id\":\"https:\\\/\\\/www.ebougonpsychologue.fr\\\/#\\\/schema\\\/logo\\\/image\\\/\",\"url\":\"https:\\\/\\\/www.ebougonpsychologue.fr\\\/wp-content\\\/uploads\\\/2024\\\/04\\\/cropped-Logo_lettrages_02.png\",\"contentUrl\":\"https:\\\/\\\/www.ebougonpsychologue.fr\\\/wp-content\\\/uploads\\\/2024\\\/04\\\/cropped-Logo_lettrages_02.png\",\"width\":600,\"height\":165,\"caption\":\"\u00c9glantine Bougon\"},\"image\":{\"@id\":\"https:\\\/\\\/www.ebougonpsychologue.fr\\\/#\\\/schema\\\/logo\\\/image\\\/\"}}]}<\/script>\n<!-- \/ Yoast SEO plugin. -->","yoast_head_json":{"title":"Exp\u00e9riences - \u00c9glantine Bougon","robots":{"index":"index","follow":"follow","max-snippet":"max-snippet:-1","max-image-preview":"max-image-preview:large","max-video-preview":"max-video-preview:-1"},"canonical":"https:\/\/www.ebougonpsychologue.fr\/index.php\/experiences\/","og_locale":"fr_FR","og_type":"article","og_title":"Exp\u00e9riences - \u00c9glantine Bougon","og_description":"Psychologue en Unit\u00e9 pour Malades Difficiles Prises en charge psychoth\u00e9rapeutiques individuelles et groupales de patient(e)s psychotiques, \u00e9tats-limites ou pr\u00e9sentant des troubles de la personnalit\u00e9 et du comportement ; responsable de l\u2019animation d\u2019un groupe de soutien destin\u00e9 aux familles des personnes hospitalis\u00e9es. 2010 \u2013 2021 Groupe Hospitalier Paul Guiraud, Villejuif, 94 Psychologue en Service d\u2019Accompagnement M\u00e9dico-Socialpour [&hellip;]","og_url":"https:\/\/www.ebougonpsychologue.fr\/index.php\/experiences\/","og_site_name":"\u00c9glantine Bougon","article_modified_time":"2024-05-02T14:52:05+00:00","twitter_card":"summary_large_image","twitter_misc":{"Dur\u00e9e de lecture estim\u00e9e":"2 minutes"},"schema":{"@context":"https:\/\/schema.org","@graph":[{"@type":"WebPage","@id":"https:\/\/www.ebougonpsychologue.fr\/index.php\/experiences\/","url":"https:\/\/www.ebougonpsychologue.fr\/index.php\/experiences\/","name":"Exp\u00e9riences - \u00c9glantine Bougon","isPartOf":{"@id":"https:\/\/www.ebougonpsychologue.fr\/#website"},"datePublished":"2023-06-17T03:48:11+00:00","dateModified":"2024-05-02T14:52:05+00:00","breadcrumb":{"@id":"https:\/\/www.ebougonpsychologue.fr\/index.php\/experiences\/#breadcrumb"},"inLanguage":"fr-FR","potentialAction":[{"@type":"ReadAction","target":["https:\/\/www.ebougonpsychologue.fr\/index.php\/experiences\/"]}]},{"@type":"BreadcrumbList","@id":"https:\/\/www.ebougonpsychologue.fr\/index.php\/experiences\/#breadcrumb","itemListElement":[{"@type":"ListItem","position":1,"name":"Accueil","item":"https:\/\/www.ebougonpsychologue.fr\/"},{"@type":"ListItem","position":2,"name":"Exp\u00e9riences"}]},{"@type":"WebSite","@id":"https:\/\/www.ebougonpsychologue.fr\/#website","url":"https:\/\/www.ebougonpsychologue.fr\/","name":"\u00c9glantine Bougon","description":"PSYCHOLOGUE CLINICIENNE - PSYCHOTH\u00c9RAPEUTE","publisher":{"@id":"https:\/\/www.ebougonpsychologue.fr\/#organization"},"potentialAction":[{"@type":"SearchAction","target":{"@type":"EntryPoint","urlTemplate":"https:\/\/www.ebougonpsychologue.fr\/?s={search_term_string}"},"query-input":{"@type":"PropertyValueSpecification","valueRequired":true,"valueName":"search_term_string"}}],"inLanguage":"fr-FR"},{"@type":"Organization","@id":"https:\/\/www.ebougonpsychologue.fr\/#organization","name":"\u00c9glantine Bougon","url":"https:\/\/www.ebougonpsychologue.fr\/","logo":{"@type":"ImageObject","inLanguage":"fr-FR","@id":"https:\/\/www.ebougonpsychologue.fr\/#\/schema\/logo\/image\/","url":"https:\/\/www.ebougonpsychologue.fr\/wp-content\/uploads\/2024\/04\/cropped-Logo_lettrages_02.png","contentUrl":"https:\/\/www.ebougonpsychologue.fr\/wp-content\/uploads\/2024\/04\/cropped-Logo_lettrages_02.png","width":600,"height":165,"caption":"\u00c9glantine Bougon"},"image":{"@id":"https:\/\/www.ebougonpsychologue.fr\/#\/schema\/logo\/image\/"}}]}},"_links":{"self":[{"href":"https:\/\/www.ebougonpsychologue.fr\/index.php\/wp-json\/wp\/v2\/pages\/23","targetHints":{"allow":["GET"]}}],"collection":[{"href":"https:\/\/www.ebougonpsychologue.fr\/index.php\/wp-json\/wp\/v2\/pages"}],"about":[{"href":"https:\/\/www.ebougonpsychologue.fr\/index.php\/wp-json\/wp\/v2\/types\/page"}],"author":[{"embeddable":true,"href":"https:\/\/www.ebougonpsychologue.fr\/index.php\/wp-json\/wp\/v2\/users\/2"}],"replies":[{"embeddable":true,"href":"https:\/\/www.ebougonpsychologue.fr\/index.php\/wp-json\/wp\/v2\/comments?post=23"}],"version-history":[{"count":11,"href":"https:\/\/www.ebougonpsychologue.fr\/index.php\/wp-json\/wp\/v2\/pages\/23\/revisions"}],"predecessor-version":[{"id":195,"href":"https:\/\/www.ebougonpsychologue.fr\/index.php\/wp-json\/wp\/v2\/pages\/23\/revisions\/195"}],"wp:attachment":[{"href":"https:\/\/www.ebougonpsychologue.fr\/index.php\/wp-json\/wp\/v2\/media?parent=23"}],"curies":[{"name":"wp","href":"https:\/\/api.w.org\/{rel}","templated":true}]}}