{"id":21,"date":"2023-06-17T05:38:57","date_gmt":"2023-06-17T03:38:57","guid":{"rendered":"http:\/\/ebougog.cluster027.hosting.ovh.net\/?page_id=21"},"modified":"2025-06-22T14:37:17","modified_gmt":"2025-06-22T12:37:17","slug":"accueil-bienvenue-anxiete","status":"publish","type":"page","link":"https:\/\/www.ebougonpsychologue.fr\/","title":{"rendered":"Accueil"},"content":{"rendered":"\n<div class=\"wp-block-group alignfull has-tertiary-background-color has-background has-medium-font-size\" style=\"padding-top:44px;padding-right:-10px;padding-bottom:44px;padding-left:-10px;letter-spacing:2px;text-transform:none\"><div class=\"wp-block-group__inner-container is-layout-constrained wp-container-core-group-is-layout-f2c4454e wp-block-group-is-layout-constrained\">\n<h6 class=\"wp-block-heading has-text-align-center has-secondary-color has-text-color\" style=\"font-style:normal;font-weight:700;letter-spacing:1px\"><mark style=\"background-color:rgba(0, 0, 0, 0)\" class=\"has-inline-color has-secondary-color\">Psychologue clinicienne et psychoth\u00e9rapeute depuis plus de 15 ans, je propose des s\u00e9ances par visioconf\u00e9rence ou par t\u00e9l\u00e9phone, du jeudi au samedi (horaires flexibles \u00e0 d\u00e9finir ensemble)<\/mark><\/h6>\n<\/div><\/div>\n\n\n\n<div class=\"wp-block-group alignwide\" style=\"padding-top:0;padding-right:0;padding-bottom:0;padding-left:0\"><div class=\"wp-block-group__inner-container is-layout-constrained wp-container-core-group-is-layout-82686151 wp-block-group-is-layout-constrained\">\n<h6 class=\"wp-block-heading has-text-align-center\" style=\"font-style:normal;font-weight:600\">Types de consultations propos\u00e9s<\/h6>\n\n\n\n<ul class=\"wp-block-list\">\n<li>En ligne via un logiciel de visioconf\u00e9rence s\u00e9curis\u00e9 (simple d\u2019utilisation, sans logiciel \u00e0 installer)<\/li>\n\n\n\n<li>Par t\u00e9l\u00e9phone<\/li>\n<\/ul>\n\n\n\n<h6 class=\"wp-block-heading has-text-align-center\" style=\"font-style:normal;font-weight:600\"><br>\u00c0 qui s\u2019adressent les consultations ?<\/h6>\n\n\n\n<ul class=\"wp-block-list\">\n<li>Adultes (+ de 18 ans)<\/li>\n<\/ul>\n\n\n\n<h6 class=\"wp-block-heading has-text-align-center\" style=\"font-style:normal;font-weight:600\"><br>Dans quelles situations venir consulter ?<\/h6>\n\n\n\n<p><\/p>\n\n\n\n<ul class=\"wp-block-list\">\n<li>Anxi\u00e9t\u00e9<\/li>\n\n\n\n<li>D\u00e9pression<\/li>\n\n\n\n<li>Baisse de l\u2019estime de soi<\/li>\n\n\n\n<li>Deuil<\/li>\n\n\n\n<li>Rupture sentimentale, familiale<\/li>\n\n\n\n<li>Phobies<\/li>\n\n\n\n<li>Addictions<\/li>\n\n\n\n<li>Traumatismes<\/li>\n\n\n\n<li>\u00c9puisement professionnel (Burn out)<\/li>\n\n\n\n<li>Victime et\/ou auteur de violences (psychologique, physique, sexuelle, conjugale, etc.)<\/li>\n\n\n\n<li>D\u00e9sir de mieux g\u00e9rer, comprendre un proche souffrant de psychose ou autre pathologie psychiatrique<\/li>\n\n\n\n<li>Injonction de soins<\/li>\n\n\n\n<li>Expatriation<\/li>\n\n\n\n<li>Etc<\/li>\n<\/ul>\n<\/div><\/div>\n\n\n\n<hr class=\"wp-block-separator alignfull has-alpha-channel-opacity\"\/>\n\n\n\n<h5 class=\"wp-block-heading has-text-align-center has-huge-font-size\" style=\"font-style:normal;font-weight:200\">Contact<\/h5>\n\n\n\n<h6 class=\"wp-block-heading\" style=\"font-size:20px;font-style:normal;font-weight:300\">Pour tout renseignement ou demande de rendez-vous, vous pouvez me contacter :<\/h6>\n\n\n\n<ul class=\"wp-block-list\">\n<li>par t\u00e9l\u00e9phone au (+33) 06 38 33 86 00 (appel, sms, message vocal en pr\u00e9cisant vos coordonn\u00e9es)<\/li>\n\n\n\n<li>par mail : <a href=\"mailto:eglantinebougon.psychologue@mailo.com\" target=\"_blank\" rel=\"noreferrer noopener\">eglantinebougon.psychologue@mailo.com<\/a><\/li>\n<\/ul>\n\n\n\n<p><\/p>\n\n\n\n<p><\/p>\n\n\n\n<h6 class=\"wp-block-heading\" style=\"font-size:20px;font-style:normal;font-weight:300\">Licence professionnelle<\/h6>\n\n\n\n<p style=\"font-size:13px\">Num\u00e9ro ADELI : 75 93 1873 6<\/p>\n\n\n\n<p style=\"font-size:13px\">Num\u00e9ro SIRET : 914 481 486 00019<\/p>\n\n\n\n<p><\/p>\n\n\n\n<p><\/p>\n\n\n\n<p class=\"has-text-align-center has-small-font-size\" style=\"font-style:italic;font-weight:200\">En cas d&rsquo;urgence, contactez le 15 (SAMU)<\/p>\n","protected":false},"excerpt":{"rendered":"<p>Psychologue clinicienne et psychoth\u00e9rapeute depuis plus de 15 ans, je propose des s\u00e9ances par visioconf\u00e9rence ou par t\u00e9l\u00e9phone, du jeudi au samedi (horaires flexibles \u00e0 d\u00e9finir ensemble) Types de consultations propos\u00e9s \u00c0 qui s\u2019adressent les consultations ? Dans quelles situations venir consulter ? Contact Pour tout renseignement ou demande de rendez-vous, vous pouvez me contacter [&hellip;]<\/p>\n","protected":false},"author":2,"featured_media":162,"parent":0,"menu_order":0,"comment_status":"closed","ping_status":"closed","template":"","meta":{"hide_page_title":"enabled","footnotes":""},"class_list":["post-21","page","type-page","status-publish","has-post-thumbnail","hentry"],"yoast_head":"<!-- This site is optimized with the Yoast SEO plugin v27.3 - https:\/\/yoast.com\/product\/yoast-seo-wordpress\/ -->\n<title>Accueil - \u00c9glantine Bougon<\/title>\n<meta name=\"description\" content=\"\u00c9glantine Bougon, Psychologue clinicienne, propose aux adultes, des consultations en visioconf\u00e9rence ou par t\u00e9l\u00e9phone. Anxci\u00e9t\u00e9, d\u00e9pression ,Estime de soi...\" \/>\n<meta name=\"robots\" content=\"index, follow, max-snippet:-1, max-image-preview:large, max-video-preview:-1\" \/>\n<link rel=\"canonical\" href=\"https:\/\/www.ebougonpsychologue.fr\/\" \/>\n<meta property=\"og:locale\" content=\"fr_FR\" \/>\n<meta property=\"og:type\" content=\"article\" \/>\n<meta property=\"og:title\" content=\"Accueil - \u00c9glantine Bougon\" \/>\n<meta property=\"og:description\" content=\"\u00c9glantine Bougon, Psychologue clinicienne, propose aux adultes, des consultations en visioconf\u00e9rence ou par t\u00e9l\u00e9phone. Anxci\u00e9t\u00e9, d\u00e9pression ,Estime de soi...\" \/>\n<meta property=\"og:url\" content=\"https:\/\/www.ebougonpsychologue.fr\/\" \/>\n<meta property=\"og:site_name\" content=\"\u00c9glantine Bougon\" \/>\n<meta property=\"article:modified_time\" content=\"2025-06-22T12:37:17+00:00\" \/>\n<meta property=\"og:image\" content=\"https:\/\/www.ebougonpsychologue.fr\/wp-content\/uploads\/2024\/04\/pic-website2.jpg\" \/>\n\t<meta property=\"og:image:width\" content=\"1435\" \/>\n\t<meta property=\"og:image:height\" content=\"191\" \/>\n\t<meta property=\"og:image:type\" content=\"image\/jpeg\" \/>\n<meta name=\"twitter:card\" content=\"summary_large_image\" \/>\n<meta name=\"twitter:label1\" content=\"Dur\u00e9e de lecture estim\u00e9e\" \/>\n\t<meta name=\"twitter:data1\" content=\"2 minutes\" \/>\n<script type=\"application\/ld+json\" class=\"yoast-schema-graph\">{\"@context\":\"https:\\\/\\\/schema.org\",\"@graph\":[{\"@type\":\"WebPage\",\"@id\":\"https:\\\/\\\/www.ebougonpsychologue.fr\\\/\",\"url\":\"https:\\\/\\\/www.ebougonpsychologue.fr\\\/\",\"name\":\"Accueil - \u00c9glantine Bougon\",\"isPartOf\":{\"@id\":\"https:\\\/\\\/www.ebougonpsychologue.fr\\\/#website\"},\"primaryImageOfPage\":{\"@id\":\"https:\\\/\\\/www.ebougonpsychologue.fr\\\/#primaryimage\"},\"image\":{\"@id\":\"https:\\\/\\\/www.ebougonpsychologue.fr\\\/#primaryimage\"},\"thumbnailUrl\":\"https:\\\/\\\/www.ebougonpsychologue.fr\\\/wp-content\\\/uploads\\\/2024\\\/04\\\/pic-website2.jpg\",\"datePublished\":\"2023-06-17T03:38:57+00:00\",\"dateModified\":\"2025-06-22T12:37:17+00:00\",\"description\":\"\u00c9glantine Bougon, Psychologue clinicienne, propose aux adultes, des consultations en visioconf\u00e9rence ou par t\u00e9l\u00e9phone. Anxci\u00e9t\u00e9, d\u00e9pression ,Estime de soi...\",\"breadcrumb\":{\"@id\":\"https:\\\/\\\/www.ebougonpsychologue.fr\\\/#breadcrumb\"},\"inLanguage\":\"fr-FR\",\"potentialAction\":[{\"@type\":\"ReadAction\",\"target\":[\"https:\\\/\\\/www.ebougonpsychologue.fr\\\/\"]}]},{\"@type\":\"ImageObject\",\"inLanguage\":\"fr-FR\",\"@id\":\"https:\\\/\\\/www.ebougonpsychologue.fr\\\/#primaryimage\",\"url\":\"https:\\\/\\\/www.ebougonpsychologue.fr\\\/wp-content\\\/uploads\\\/2024\\\/04\\\/pic-website2.jpg\",\"contentUrl\":\"https:\\\/\\\/www.ebougonpsychologue.fr\\\/wp-content\\\/uploads\\\/2024\\\/04\\\/pic-website2.jpg\",\"width\":1435,\"height\":191,\"caption\":\"\u00c9glantine Bougon, Psychologue Clinicienne-Psychoth\u00e9rapeute\"},{\"@type\":\"BreadcrumbList\",\"@id\":\"https:\\\/\\\/www.ebougonpsychologue.fr\\\/#breadcrumb\",\"itemListElement\":[{\"@type\":\"ListItem\",\"position\":1,\"name\":\"Accueil\",\"item\":\"https:\\\/\\\/www.ebougonpsychologue.fr\\\/\"},{\"@type\":\"ListItem\",\"position\":2,\"name\":\"Consultations propos\u00e9es\"}]},{\"@type\":\"WebSite\",\"@id\":\"https:\\\/\\\/www.ebougonpsychologue.fr\\\/#website\",\"url\":\"https:\\\/\\\/www.ebougonpsychologue.fr\\\/\",\"name\":\"\u00c9glantine Bougon\",\"description\":\"PSYCHOLOGUE CLINICIENNE - PSYCHOTH\u00c9RAPEUTE\",\"publisher\":{\"@id\":\"https:\\\/\\\/www.ebougonpsychologue.fr\\\/#organization\"},\"potentialAction\":[{\"@type\":\"SearchAction\",\"target\":{\"@type\":\"EntryPoint\",\"urlTemplate\":\"https:\\\/\\\/www.ebougonpsychologue.fr\\\/?s={search_term_string}\"},\"query-input\":{\"@type\":\"PropertyValueSpecification\",\"valueRequired\":true,\"valueName\":\"search_term_string\"}}],\"inLanguage\":\"fr-FR\"},{\"@type\":\"Organization\",\"@id\":\"https:\\\/\\\/www.ebougonpsychologue.fr\\\/#organization\",\"name\":\"\u00c9glantine Bougon\",\"url\":\"https:\\\/\\\/www.ebougonpsychologue.fr\\\/\",\"logo\":{\"@type\":\"ImageObject\",\"inLanguage\":\"fr-FR\",\"@id\":\"https:\\\/\\\/www.ebougonpsychologue.fr\\\/#\\\/schema\\\/logo\\\/image\\\/\",\"url\":\"https:\\\/\\\/www.ebougonpsychologue.fr\\\/wp-content\\\/uploads\\\/2024\\\/04\\\/cropped-Logo_lettrages_02.png\",\"contentUrl\":\"https:\\\/\\\/www.ebougonpsychologue.fr\\\/wp-content\\\/uploads\\\/2024\\\/04\\\/cropped-Logo_lettrages_02.png\",\"width\":600,\"height\":165,\"caption\":\"\u00c9glantine Bougon\"},\"image\":{\"@id\":\"https:\\\/\\\/www.ebougonpsychologue.fr\\\/#\\\/schema\\\/logo\\\/image\\\/\"}}]}<\/script>\n<!-- \/ Yoast SEO plugin. -->","yoast_head_json":{"title":"Accueil - \u00c9glantine Bougon","description":"\u00c9glantine Bougon, Psychologue clinicienne, propose aux adultes, des consultations en visioconf\u00e9rence ou par t\u00e9l\u00e9phone. Anxci\u00e9t\u00e9, d\u00e9pression ,Estime de soi...","robots":{"index":"index","follow":"follow","max-snippet":"max-snippet:-1","max-image-preview":"max-image-preview:large","max-video-preview":"max-video-preview:-1"},"canonical":"https:\/\/www.ebougonpsychologue.fr\/","og_locale":"fr_FR","og_type":"article","og_title":"Accueil - \u00c9glantine Bougon","og_description":"\u00c9glantine Bougon, Psychologue clinicienne, propose aux adultes, des consultations en visioconf\u00e9rence ou par t\u00e9l\u00e9phone. Anxci\u00e9t\u00e9, d\u00e9pression ,Estime de soi...","og_url":"https:\/\/www.ebougonpsychologue.fr\/","og_site_name":"\u00c9glantine Bougon","article_modified_time":"2025-06-22T12:37:17+00:00","og_image":[{"width":1435,"height":191,"url":"https:\/\/www.ebougonpsychologue.fr\/wp-content\/uploads\/2024\/04\/pic-website2.jpg","type":"image\/jpeg"}],"twitter_card":"summary_large_image","twitter_misc":{"Dur\u00e9e de lecture estim\u00e9e":"2 minutes"},"schema":{"@context":"https:\/\/schema.org","@graph":[{"@type":"WebPage","@id":"https:\/\/www.ebougonpsychologue.fr\/","url":"https:\/\/www.ebougonpsychologue.fr\/","name":"Accueil - \u00c9glantine Bougon","isPartOf":{"@id":"https:\/\/www.ebougonpsychologue.fr\/#website"},"primaryImageOfPage":{"@id":"https:\/\/www.ebougonpsychologue.fr\/#primaryimage"},"image":{"@id":"https:\/\/www.ebougonpsychologue.fr\/#primaryimage"},"thumbnailUrl":"https:\/\/www.ebougonpsychologue.fr\/wp-content\/uploads\/2024\/04\/pic-website2.jpg","datePublished":"2023-06-17T03:38:57+00:00","dateModified":"2025-06-22T12:37:17+00:00","description":"\u00c9glantine Bougon, Psychologue clinicienne, propose aux adultes, des consultations en visioconf\u00e9rence ou par t\u00e9l\u00e9phone. Anxci\u00e9t\u00e9, d\u00e9pression ,Estime de soi...","breadcrumb":{"@id":"https:\/\/www.ebougonpsychologue.fr\/#breadcrumb"},"inLanguage":"fr-FR","potentialAction":[{"@type":"ReadAction","target":["https:\/\/www.ebougonpsychologue.fr\/"]}]},{"@type":"ImageObject","inLanguage":"fr-FR","@id":"https:\/\/www.ebougonpsychologue.fr\/#primaryimage","url":"https:\/\/www.ebougonpsychologue.fr\/wp-content\/uploads\/2024\/04\/pic-website2.jpg","contentUrl":"https:\/\/www.ebougonpsychologue.fr\/wp-content\/uploads\/2024\/04\/pic-website2.jpg","width":1435,"height":191,"caption":"\u00c9glantine Bougon, Psychologue Clinicienne-Psychoth\u00e9rapeute"},{"@type":"BreadcrumbList","@id":"https:\/\/www.ebougonpsychologue.fr\/#breadcrumb","itemListElement":[{"@type":"ListItem","position":1,"name":"Accueil","item":"https:\/\/www.ebougonpsychologue.fr\/"},{"@type":"ListItem","position":2,"name":"Consultations propos\u00e9es"}]},{"@type":"WebSite","@id":"https:\/\/www.ebougonpsychologue.fr\/#website","url":"https:\/\/www.ebougonpsychologue.fr\/","name":"\u00c9glantine Bougon","description":"PSYCHOLOGUE CLINICIENNE - PSYCHOTH\u00c9RAPEUTE","publisher":{"@id":"https:\/\/www.ebougonpsychologue.fr\/#organization"},"potentialAction":[{"@type":"SearchAction","target":{"@type":"EntryPoint","urlTemplate":"https:\/\/www.ebougonpsychologue.fr\/?s={search_term_string}"},"query-input":{"@type":"PropertyValueSpecification","valueRequired":true,"valueName":"search_term_string"}}],"inLanguage":"fr-FR"},{"@type":"Organization","@id":"https:\/\/www.ebougonpsychologue.fr\/#organization","name":"\u00c9glantine Bougon","url":"https:\/\/www.ebougonpsychologue.fr\/","logo":{"@type":"ImageObject","inLanguage":"fr-FR","@id":"https:\/\/www.ebougonpsychologue.fr\/#\/schema\/logo\/image\/","url":"https:\/\/www.ebougonpsychologue.fr\/wp-content\/uploads\/2024\/04\/cropped-Logo_lettrages_02.png","contentUrl":"https:\/\/www.ebougonpsychologue.fr\/wp-content\/uploads\/2024\/04\/cropped-Logo_lettrages_02.png","width":600,"height":165,"caption":"\u00c9glantine Bougon"},"image":{"@id":"https:\/\/www.ebougonpsychologue.fr\/#\/schema\/logo\/image\/"}}]}},"_links":{"self":[{"href":"https:\/\/www.ebougonpsychologue.fr\/index.php\/wp-json\/wp\/v2\/pages\/21","targetHints":{"allow":["GET"]}}],"collection":[{"href":"https:\/\/www.ebougonpsychologue.fr\/index.php\/wp-json\/wp\/v2\/pages"}],"about":[{"href":"https:\/\/www.ebougonpsychologue.fr\/index.php\/wp-json\/wp\/v2\/types\/page"}],"author":[{"embeddable":true,"href":"https:\/\/www.ebougonpsychologue.fr\/index.php\/wp-json\/wp\/v2\/users\/2"}],"replies":[{"embeddable":true,"href":"https:\/\/www.ebougonpsychologue.fr\/index.php\/wp-json\/wp\/v2\/comments?post=21"}],"version-history":[{"count":56,"href":"https:\/\/www.ebougonpsychologue.fr\/index.php\/wp-json\/wp\/v2\/pages\/21\/revisions"}],"predecessor-version":[{"id":205,"href":"https:\/\/www.ebougonpsychologue.fr\/index.php\/wp-json\/wp\/v2\/pages\/21\/revisions\/205"}],"wp:featuredmedia":[{"embeddable":true,"href":"https:\/\/www.ebougonpsychologue.fr\/index.php\/wp-json\/wp\/v2\/media\/162"}],"wp:attachment":[{"href":"https:\/\/www.ebougonpsychologue.fr\/index.php\/wp-json\/wp\/v2\/media?parent=21"}],"curies":[{"name":"wp","href":"https:\/\/api.w.org\/{rel}","templated":true}]}}