{"id":19,"date":"2023-06-17T05:32:51","date_gmt":"2023-06-17T03:32:51","guid":{"rendered":"http:\/\/ebougog.cluster027.hosting.ovh.net\/?page_id=19"},"modified":"2024-04-06T15:00:09","modified_gmt":"2024-04-06T13:00:09","slug":"a-propos-de-moi","status":"publish","type":"page","link":"https:\/\/www.ebougonpsychologue.fr\/index.php\/a-propos-de-moi\/","title":{"rendered":"\u00c0 propos de moi"},"content":{"rendered":"\n<p>Psychologue dipl\u00f4m\u00e9e en 2007, j\u2019ai exerc\u00e9 dans plusieurs structures et me suis form\u00e9e \u00e0 diff\u00e9rentes approches afin de m\u2019adapter au mieux aux besoins des personnes (<a href=\"http:\/\/ebougog.cluster027.hosting.ovh.net\/index.php\/experiences\/\">voir Exp\u00e9riences<\/a>).<\/p>\n\n\n\n<p>En fonction de votre demande, je propose des entretiens de soutien (centr\u00e9s sur des pr\u00e9occupations, difficult\u00e9s actuelles) ou des psychoth\u00e9rapies (accompagnement dans une meilleure connaissance de soi).<\/p>\n\n\n\n<p>Je con\u00e7ois les s\u00e9ances comme un \u00e9change dynamique bas\u00e9 sur une \u00e9coute active, non jugeante et empathique.<\/p>\n\n\n\n<p>Chaque suivi \u00e9tant individualis\u00e9, je veillerai \u00e0 ce que vous vous sentiez libre d\u2019exprimer vos remarques afin que le cadre, les conditions du suivi ainsi que son \u00e9volution vous correspondent pleinement. Ainsi, nous d\u00e9ciderons ensemble de la fr\u00e9quence des s\u00e9ances et de la dur\u00e9e du suivi.<\/p>\n\n\n\n<p>Ma pratique repose sur le code de d\u00e9ontologie des psychologues. Celui-ci garantit, entre autres, le respect de votre vie priv\u00e9e, de votre libert\u00e9 de d\u00e9cision, du secret professionnel et de la confidentialit\u00e9 de nos \u00e9changes.<\/p>\n\n\n\n<p>La progression de la th\u00e9rapie repose sur un engagement commun, une r\u00e9gularit\u00e9 des s\u00e9ances et une confiance dans la relation th\u00e9rapeutique.<br><\/p>\n\n\n\n<hr class=\"wp-block-separator alignwide has-alpha-channel-opacity\"\/>\n","protected":false},"excerpt":{"rendered":"<p>Psychologue dipl\u00f4m\u00e9e en 2007, j\u2019ai exerc\u00e9 dans plusieurs structures et me suis form\u00e9e \u00e0 diff\u00e9rentes approches afin de m\u2019adapter au mieux aux besoins des personnes (voir Exp\u00e9riences). En fonction de votre demande, je propose des entretiens de soutien (centr\u00e9s sur des pr\u00e9occupations, difficult\u00e9s actuelles) ou des psychoth\u00e9rapies (accompagnement dans une meilleure connaissance de soi). Je [&hellip;]<\/p>\n","protected":false},"author":2,"featured_media":0,"parent":0,"menu_order":0,"comment_status":"closed","ping_status":"closed","template":"","meta":{"hide_page_title":"","footnotes":""},"class_list":["post-19","page","type-page","status-publish","hentry"],"yoast_head":"<!-- This site is optimized with the Yoast SEO plugin v27.3 - https:\/\/yoast.com\/product\/yoast-seo-wordpress\/ -->\n<title>\u00c0 propos de moi - \u00c9glantine Bougon<\/title>\n<meta name=\"robots\" content=\"index, follow, max-snippet:-1, max-image-preview:large, max-video-preview:-1\" \/>\n<link rel=\"canonical\" href=\"https:\/\/www.ebougonpsychologue.fr\/index.php\/a-propos-de-moi\/\" \/>\n<meta property=\"og:locale\" content=\"fr_FR\" \/>\n<meta property=\"og:type\" content=\"article\" \/>\n<meta property=\"og:title\" content=\"\u00c0 propos de moi - \u00c9glantine Bougon\" \/>\n<meta property=\"og:description\" content=\"Psychologue dipl\u00f4m\u00e9e en 2007, j\u2019ai exerc\u00e9 dans plusieurs structures et me suis form\u00e9e \u00e0 diff\u00e9rentes approches afin de m\u2019adapter au mieux aux besoins des personnes (voir Exp\u00e9riences). En fonction de votre demande, je propose des entretiens de soutien (centr\u00e9s sur des pr\u00e9occupations, difficult\u00e9s actuelles) ou des psychoth\u00e9rapies (accompagnement dans une meilleure connaissance de soi). Je [&hellip;]\" \/>\n<meta property=\"og:url\" content=\"https:\/\/www.ebougonpsychologue.fr\/index.php\/a-propos-de-moi\/\" \/>\n<meta property=\"og:site_name\" content=\"\u00c9glantine Bougon\" \/>\n<meta property=\"article:modified_time\" content=\"2024-04-06T13:00:09+00:00\" \/>\n<meta name=\"twitter:card\" content=\"summary_large_image\" \/>\n<meta name=\"twitter:label1\" content=\"Dur\u00e9e de lecture estim\u00e9e\" \/>\n\t<meta name=\"twitter:data1\" content=\"1 minute\" \/>\n<script type=\"application\/ld+json\" class=\"yoast-schema-graph\">{\"@context\":\"https:\\\/\\\/schema.org\",\"@graph\":[{\"@type\":\"WebPage\",\"@id\":\"https:\\\/\\\/www.ebougonpsychologue.fr\\\/index.php\\\/a-propos-de-moi\\\/\",\"url\":\"https:\\\/\\\/www.ebougonpsychologue.fr\\\/index.php\\\/a-propos-de-moi\\\/\",\"name\":\"\u00c0 propos de moi - \u00c9glantine Bougon\",\"isPartOf\":{\"@id\":\"https:\\\/\\\/www.ebougonpsychologue.fr\\\/#website\"},\"datePublished\":\"2023-06-17T03:32:51+00:00\",\"dateModified\":\"2024-04-06T13:00:09+00:00\",\"breadcrumb\":{\"@id\":\"https:\\\/\\\/www.ebougonpsychologue.fr\\\/index.php\\\/a-propos-de-moi\\\/#breadcrumb\"},\"inLanguage\":\"fr-FR\",\"potentialAction\":[{\"@type\":\"ReadAction\",\"target\":[\"https:\\\/\\\/www.ebougonpsychologue.fr\\\/index.php\\\/a-propos-de-moi\\\/\"]}]},{\"@type\":\"BreadcrumbList\",\"@id\":\"https:\\\/\\\/www.ebougonpsychologue.fr\\\/index.php\\\/a-propos-de-moi\\\/#breadcrumb\",\"itemListElement\":[{\"@type\":\"ListItem\",\"position\":1,\"name\":\"Accueil\",\"item\":\"https:\\\/\\\/www.ebougonpsychologue.fr\\\/\"},{\"@type\":\"ListItem\",\"position\":2,\"name\":\"\u00c0 propos de moi\"}]},{\"@type\":\"WebSite\",\"@id\":\"https:\\\/\\\/www.ebougonpsychologue.fr\\\/#website\",\"url\":\"https:\\\/\\\/www.ebougonpsychologue.fr\\\/\",\"name\":\"\u00c9glantine Bougon\",\"description\":\"PSYCHOLOGUE CLINICIENNE - PSYCHOTH\u00c9RAPEUTE\",\"publisher\":{\"@id\":\"https:\\\/\\\/www.ebougonpsychologue.fr\\\/#organization\"},\"potentialAction\":[{\"@type\":\"SearchAction\",\"target\":{\"@type\":\"EntryPoint\",\"urlTemplate\":\"https:\\\/\\\/www.ebougonpsychologue.fr\\\/?s={search_term_string}\"},\"query-input\":{\"@type\":\"PropertyValueSpecification\",\"valueRequired\":true,\"valueName\":\"search_term_string\"}}],\"inLanguage\":\"fr-FR\"},{\"@type\":\"Organization\",\"@id\":\"https:\\\/\\\/www.ebougonpsychologue.fr\\\/#organization\",\"name\":\"\u00c9glantine Bougon\",\"url\":\"https:\\\/\\\/www.ebougonpsychologue.fr\\\/\",\"logo\":{\"@type\":\"ImageObject\",\"inLanguage\":\"fr-FR\",\"@id\":\"https:\\\/\\\/www.ebougonpsychologue.fr\\\/#\\\/schema\\\/logo\\\/image\\\/\",\"url\":\"https:\\\/\\\/www.ebougonpsychologue.fr\\\/wp-content\\\/uploads\\\/2024\\\/04\\\/cropped-Logo_lettrages_02.png\",\"contentUrl\":\"https:\\\/\\\/www.ebougonpsychologue.fr\\\/wp-content\\\/uploads\\\/2024\\\/04\\\/cropped-Logo_lettrages_02.png\",\"width\":600,\"height\":165,\"caption\":\"\u00c9glantine Bougon\"},\"image\":{\"@id\":\"https:\\\/\\\/www.ebougonpsychologue.fr\\\/#\\\/schema\\\/logo\\\/image\\\/\"}}]}<\/script>\n<!-- \/ Yoast SEO plugin. -->","yoast_head_json":{"title":"\u00c0 propos de moi - \u00c9glantine Bougon","robots":{"index":"index","follow":"follow","max-snippet":"max-snippet:-1","max-image-preview":"max-image-preview:large","max-video-preview":"max-video-preview:-1"},"canonical":"https:\/\/www.ebougonpsychologue.fr\/index.php\/a-propos-de-moi\/","og_locale":"fr_FR","og_type":"article","og_title":"\u00c0 propos de moi - \u00c9glantine Bougon","og_description":"Psychologue dipl\u00f4m\u00e9e en 2007, j\u2019ai exerc\u00e9 dans plusieurs structures et me suis form\u00e9e \u00e0 diff\u00e9rentes approches afin de m\u2019adapter au mieux aux besoins des personnes (voir Exp\u00e9riences). En fonction de votre demande, je propose des entretiens de soutien (centr\u00e9s sur des pr\u00e9occupations, difficult\u00e9s actuelles) ou des psychoth\u00e9rapies (accompagnement dans une meilleure connaissance de soi). Je [&hellip;]","og_url":"https:\/\/www.ebougonpsychologue.fr\/index.php\/a-propos-de-moi\/","og_site_name":"\u00c9glantine Bougon","article_modified_time":"2024-04-06T13:00:09+00:00","twitter_card":"summary_large_image","twitter_misc":{"Dur\u00e9e de lecture estim\u00e9e":"1 minute"},"schema":{"@context":"https:\/\/schema.org","@graph":[{"@type":"WebPage","@id":"https:\/\/www.ebougonpsychologue.fr\/index.php\/a-propos-de-moi\/","url":"https:\/\/www.ebougonpsychologue.fr\/index.php\/a-propos-de-moi\/","name":"\u00c0 propos de moi - \u00c9glantine Bougon","isPartOf":{"@id":"https:\/\/www.ebougonpsychologue.fr\/#website"},"datePublished":"2023-06-17T03:32:51+00:00","dateModified":"2024-04-06T13:00:09+00:00","breadcrumb":{"@id":"https:\/\/www.ebougonpsychologue.fr\/index.php\/a-propos-de-moi\/#breadcrumb"},"inLanguage":"fr-FR","potentialAction":[{"@type":"ReadAction","target":["https:\/\/www.ebougonpsychologue.fr\/index.php\/a-propos-de-moi\/"]}]},{"@type":"BreadcrumbList","@id":"https:\/\/www.ebougonpsychologue.fr\/index.php\/a-propos-de-moi\/#breadcrumb","itemListElement":[{"@type":"ListItem","position":1,"name":"Accueil","item":"https:\/\/www.ebougonpsychologue.fr\/"},{"@type":"ListItem","position":2,"name":"\u00c0 propos de moi"}]},{"@type":"WebSite","@id":"https:\/\/www.ebougonpsychologue.fr\/#website","url":"https:\/\/www.ebougonpsychologue.fr\/","name":"\u00c9glantine Bougon","description":"PSYCHOLOGUE CLINICIENNE - PSYCHOTH\u00c9RAPEUTE","publisher":{"@id":"https:\/\/www.ebougonpsychologue.fr\/#organization"},"potentialAction":[{"@type":"SearchAction","target":{"@type":"EntryPoint","urlTemplate":"https:\/\/www.ebougonpsychologue.fr\/?s={search_term_string}"},"query-input":{"@type":"PropertyValueSpecification","valueRequired":true,"valueName":"search_term_string"}}],"inLanguage":"fr-FR"},{"@type":"Organization","@id":"https:\/\/www.ebougonpsychologue.fr\/#organization","name":"\u00c9glantine Bougon","url":"https:\/\/www.ebougonpsychologue.fr\/","logo":{"@type":"ImageObject","inLanguage":"fr-FR","@id":"https:\/\/www.ebougonpsychologue.fr\/#\/schema\/logo\/image\/","url":"https:\/\/www.ebougonpsychologue.fr\/wp-content\/uploads\/2024\/04\/cropped-Logo_lettrages_02.png","contentUrl":"https:\/\/www.ebougonpsychologue.fr\/wp-content\/uploads\/2024\/04\/cropped-Logo_lettrages_02.png","width":600,"height":165,"caption":"\u00c9glantine Bougon"},"image":{"@id":"https:\/\/www.ebougonpsychologue.fr\/#\/schema\/logo\/image\/"}}]}},"_links":{"self":[{"href":"https:\/\/www.ebougonpsychologue.fr\/index.php\/wp-json\/wp\/v2\/pages\/19","targetHints":{"allow":["GET"]}}],"collection":[{"href":"https:\/\/www.ebougonpsychologue.fr\/index.php\/wp-json\/wp\/v2\/pages"}],"about":[{"href":"https:\/\/www.ebougonpsychologue.fr\/index.php\/wp-json\/wp\/v2\/types\/page"}],"author":[{"embeddable":true,"href":"https:\/\/www.ebougonpsychologue.fr\/index.php\/wp-json\/wp\/v2\/users\/2"}],"replies":[{"embeddable":true,"href":"https:\/\/www.ebougonpsychologue.fr\/index.php\/wp-json\/wp\/v2\/comments?post=19"}],"version-history":[{"count":7,"href":"https:\/\/www.ebougonpsychologue.fr\/index.php\/wp-json\/wp\/v2\/pages\/19\/revisions"}],"predecessor-version":[{"id":186,"href":"https:\/\/www.ebougonpsychologue.fr\/index.php\/wp-json\/wp\/v2\/pages\/19\/revisions\/186"}],"wp:attachment":[{"href":"https:\/\/www.ebougonpsychologue.fr\/index.php\/wp-json\/wp\/v2\/media?parent=19"}],"curies":[{"name":"wp","href":"https:\/\/api.w.org\/{rel}","templated":true}]}}